{"id":436,"date":"2024-01-09T19:56:21","date_gmt":"2024-01-09T19:56:21","guid":{"rendered":"https:\/\/boks-ilica.com\/?page_id=436"},"modified":"2025-09-15T10:23:48","modified_gmt":"2025-09-15T10:23:48","slug":"raspored-treninga","status":"publish","type":"page","link":"https:\/\/boks-ilica.com\/index.php\/raspored-treninga\/","title":{"rendered":"Raspored treninga"},"content":{"rendered":"\t\t<div data-elementor-type=\"wp-page\" data-elementor-id=\"436\" class=\"elementor elementor-436\">\n\t\t\t\t\t\t\t<div class=\"elementor-element elementor-element-eb6272d e-flex e-con-boxed e-con e-parent\" data-id=\"eb6272d\" data-element_type=\"container\" data-settings=\"{&quot;content_width&quot;:&quot;boxed&quot;}\" data-core-v316-plus=\"true\">\n\t\t\t\t\t<div class=\"e-con-inner\">\n\t\t\t\t<div class=\"elementor-element elementor-element-b66eba5 elementor-widget elementor-widget-heading\" data-id=\"b66eba5\" data-element_type=\"widget\" data-widget_type=\"heading.default\">\n\t\t\t\t<div class=\"elementor-widget-container\">\n\t\t\t<style>\/*! elementor - v3.16.0 - 20-09-2023 *\/\n.elementor-heading-title{padding:0;margin:0;line-height:1}.elementor-widget-heading .elementor-heading-title[class*=elementor-size-]>a{color:inherit;font-size:inherit;line-height:inherit}.elementor-widget-heading .elementor-heading-title.elementor-size-small{font-size:15px}.elementor-widget-heading .elementor-heading-title.elementor-size-medium{font-size:19px}.elementor-widget-heading .elementor-heading-title.elementor-size-large{font-size:29px}.elementor-widget-heading .elementor-heading-title.elementor-size-xl{font-size:39px}.elementor-widget-heading .elementor-heading-title.elementor-size-xxl{font-size:59px}<\/style><h1 class=\"elementor-heading-title elementor-size-xl\">Raspored treninga boksa<\/h1>\t\t<\/div>\n\t\t\t\t<\/div>\n\t\t\t\t\t<\/div>\n\t\t\t\t<\/div>\n\t\t<div class=\"elementor-element elementor-element-e04e526 e-flex e-con-boxed e-con e-parent\" data-id=\"e04e526\" data-element_type=\"container\" data-settings=\"{&quot;content_width&quot;:&quot;boxed&quot;}\" data-core-v316-plus=\"true\">\n\t\t\t\t\t<div class=\"e-con-inner\">\n\t\t\t\t<div class=\"elementor-element elementor-element-1424c42 elementor-widget elementor-widget-text-editor\" data-id=\"1424c42\" data-element_type=\"widget\" data-widget_type=\"text-editor.default\">\n\t\t\t\t<div class=\"elementor-widget-container\">\n\t\t\t<style>\/*! elementor - v3.16.0 - 20-09-2023 *\/\n.elementor-widget-text-editor.elementor-drop-cap-view-stacked .elementor-drop-cap{background-color:#69727d;color:#fff}.elementor-widget-text-editor.elementor-drop-cap-view-framed .elementor-drop-cap{color:#69727d;border:3px solid;background-color:transparent}.elementor-widget-text-editor:not(.elementor-drop-cap-view-default) .elementor-drop-cap{margin-top:8px}.elementor-widget-text-editor:not(.elementor-drop-cap-view-default) .elementor-drop-cap-letter{width:1em;height:1em}.elementor-widget-text-editor .elementor-drop-cap{float:left;text-align:center;line-height:1;font-size:50px}.elementor-widget-text-editor .elementor-drop-cap-letter{display:inline-block}<\/style>\t\t\t\t<p><span style=\"font-style: inherit; font-weight: inherit; text-align: justify;\">Treninzi se odr\u017eavaju<\/span><span style=\"font-weight: bold; font-style: inherit; text-align: justify;\">\u00a0svaki radni dan<\/span><span style=\"font-style: inherit; font-weight: inherit; text-align: justify;\">\u00a0od ponedjeljka do petka po sljede\u0107em rasporedu:<\/span><\/p>\t\t\t\t\t\t<\/div>\n\t\t\t\t<\/div>\n\t\t\t\t\t<\/div>\n\t\t\t\t<\/div>\n\t\t<div class=\"elementor-element elementor-element-865ef2e e-flex e-con-boxed e-con e-parent\" data-id=\"865ef2e\" data-element_type=\"container\" data-settings=\"{&quot;content_width&quot;:&quot;boxed&quot;}\" data-core-v316-plus=\"true\">\n\t\t\t\t\t<div class=\"e-con-inner\">\n\t\t\t\t<div class=\"elementor-element elementor-element-e860b43 elementor-widget elementor-widget-shortcode\" data-id=\"e860b43\" data-element_type=\"widget\" data-widget_type=\"shortcode.default\">\n\t\t\t\t<div class=\"elementor-widget-container\">\n\t\t\t\t\t<div class=\"elementor-shortcode\">\n<table id=\"tablepress-3\" class=\"tablepress tablepress-id-3\">\n<thead>\n<tr class=\"row-1\">\n\t<th class=\"column-1\">PON<\/th><th class=\"column-2\">UTO<\/th><th class=\"column-3\">SRI<\/th><th class=\"column-4\">\u010cET<\/th><th class=\"column-5\">PET<\/th>\n<\/tr>\n<\/thead>\n<tbody>\n<tr class=\"row-2\">\n\t<td class=\"column-1\">18.30 - 20.00h<\/td><td class=\"column-2\"><\/td><td class=\"column-3\">18.30 - 20.00h<\/td><td class=\"column-4\"><\/td><td class=\"column-5\"><\/td>\n<\/tr>\n<tr class=\"row-3\">\n\t<td class=\"column-1\">19.30 - 21.00h<\/td><td class=\"column-2\">19.30 - 21.00h<\/td><td class=\"column-3\">19.30 - 21.00h<\/td><td class=\"column-4\">19.30 - 21.00h<\/td><td class=\"column-5\">19.30 - 21.00h<\/td>\n<\/tr>\n<\/tbody>\n<\/table>\n<!-- #tablepress-3 from cache --><\/div>\n\t\t\t\t<\/div>\n\t\t\t\t<\/div>\n\t\t\t\t\t<\/div>\n\t\t\t\t<\/div>\n\t\t<div class=\"elementor-element elementor-element-0de8b54 e-flex e-con-boxed e-con e-parent\" data-id=\"0de8b54\" data-element_type=\"container\" data-settings=\"{&quot;content_width&quot;:&quot;boxed&quot;}\" data-core-v316-plus=\"true\">\n\t\t\t\t\t<div class=\"e-con-inner\">\n\t\t\t\t<div class=\"elementor-element elementor-element-c245d5b elementor-widget elementor-widget-text-editor\" data-id=\"c245d5b\" data-element_type=\"widget\" data-widget_type=\"text-editor.default\">\n\t\t\t\t<div class=\"elementor-widget-container\">\n\t\t\t\t\t\t\t<p>* Prvi probni trening <b>nije se potrebno najaviti<\/b>, dovoljno je do\u0107i u jedan od termina<\/p>\t\t\t\t\t\t<\/div>\n\t\t\t\t<\/div>\n\t\t\t\t\t<\/div>\n\t\t\t\t<\/div>\n\t\t\t\t\t\t\t<\/div>\n\t\t","protected":false},"excerpt":{"rendered":"<p>Raspored treninga boksa Treninzi se odr\u017eavaju\u00a0svaki radni dan\u00a0od ponedjeljka do petka po sljede\u0107em rasporedu: * Prvi probni trening nije se potrebno najaviti, dovoljno je do\u0107i u jedan od termina<\/p>\n","protected":false},"author":1,"featured_media":0,"parent":0,"menu_order":0,"comment_status":"closed","ping_status":"closed","template":"","meta":{"site-sidebar-layout":"default","site-content-layout":"","ast-site-content-layout":"default","site-content-style":"default","site-sidebar-style":"default","ast-global-header-display":"","ast-banner-title-visibility":"","ast-main-header-display":"","ast-hfb-above-header-display":"","ast-hfb-below-header-display":"","ast-hfb-mobile-header-display":"","site-post-title":"disabled","ast-breadcrumbs-content":"","ast-featured-img":"","footer-sml-layout":"","theme-transparent-header-meta":"","adv-header-id-meta":"","stick-header-meta":"","header-above-stick-meta":"","header-main-stick-meta":"","header-below-stick-meta":"","astra-migrate-meta-layouts":"set","footnotes":""},"yoast_head":"<!-- This site is optimized with the Yoast SEO plugin v21.8 - https:\/\/yoast.com\/wordpress\/plugins\/seo\/ -->\n<title>Raspored treninga - Boksa\u010dki Klub Gladijator - Kusto\u0161ija<\/title>\n<meta name=\"robots\" content=\"index, follow, max-snippet:-1, max-image-preview:large, max-video-preview:-1\" \/>\n<link rel=\"canonical\" href=\"https:\/\/boks-ilica.com\/index.php\/raspored-treninga\/\" \/>\n<meta property=\"og:locale\" content=\"en_US\" \/>\n<meta property=\"og:type\" content=\"article\" \/>\n<meta property=\"og:title\" content=\"Raspored treninga - Boksa\u010dki Klub Gladijator - Kusto\u0161ija\" \/>\n<meta property=\"og:description\" content=\"Raspored treninga boksa Treninzi se odr\u017eavaju\u00a0svaki radni dan\u00a0od ponedjeljka do petka po sljede\u0107em rasporedu: * Prvi probni trening nije se potrebno najaviti, dovoljno je do\u0107i u jedan od termina\" \/>\n<meta property=\"og:url\" content=\"https:\/\/boks-ilica.com\/index.php\/raspored-treninga\/\" \/>\n<meta property=\"og:site_name\" content=\"Boksa\u010dki Klub Gladijator - Kusto\u0161ija\" \/>\n<meta property=\"article:modified_time\" content=\"2025-09-15T10:23:48+00:00\" \/>\n<meta name=\"twitter:card\" content=\"summary_large_image\" \/>\n<meta name=\"twitter:label1\" content=\"Est. reading time\" \/>\n\t<meta name=\"twitter:data1\" content=\"1 minute\" \/>\n<script type=\"application\/ld+json\" class=\"yoast-schema-graph\">{\"@context\":\"https:\/\/schema.org\",\"@graph\":[{\"@type\":\"WebPage\",\"@id\":\"https:\/\/boks-ilica.com\/index.php\/raspored-treninga\/\",\"url\":\"https:\/\/boks-ilica.com\/index.php\/raspored-treninga\/\",\"name\":\"Raspored treninga - Boksa\u010dki Klub Gladijator - Kusto\u0161ija\",\"isPartOf\":{\"@id\":\"https:\/\/boks-ilica.com\/#website\"},\"datePublished\":\"2024-01-09T19:56:21+00:00\",\"dateModified\":\"2025-09-15T10:23:48+00:00\",\"breadcrumb\":{\"@id\":\"https:\/\/boks-ilica.com\/index.php\/raspored-treninga\/#breadcrumb\"},\"inLanguage\":\"en-US\",\"potentialAction\":[{\"@type\":\"ReadAction\",\"target\":[\"https:\/\/boks-ilica.com\/index.php\/raspored-treninga\/\"]}]},{\"@type\":\"BreadcrumbList\",\"@id\":\"https:\/\/boks-ilica.com\/index.php\/raspored-treninga\/#breadcrumb\",\"itemListElement\":[{\"@type\":\"ListItem\",\"position\":1,\"name\":\"Home\",\"item\":\"https:\/\/boks-ilica.com\/\"},{\"@type\":\"ListItem\",\"position\":2,\"name\":\"Raspored treninga\"}]},{\"@type\":\"WebSite\",\"@id\":\"https:\/\/boks-ilica.com\/#website\",\"url\":\"https:\/\/boks-ilica.com\/\",\"name\":\"Boksa\u010dki Klub Gladijator - Kusto\u0161ija\",\"description\":\"Dvorana Kusto\u0161ija\",\"publisher\":{\"@id\":\"https:\/\/boks-ilica.com\/#organization\"},\"alternateName\":\"BK Gladijator Zagreb\",\"potentialAction\":[{\"@type\":\"SearchAction\",\"target\":{\"@type\":\"EntryPoint\",\"urlTemplate\":\"https:\/\/boks-ilica.com\/?s={search_term_string}\"},\"query-input\":\"required name=search_term_string\"}],\"inLanguage\":\"en-US\"},{\"@type\":\"Organization\",\"@id\":\"https:\/\/boks-ilica.com\/#organization\",\"name\":\"Boksa\u010dki Klub Gladijator - Kusto\u0161ija\",\"url\":\"https:\/\/boks-ilica.com\/\",\"logo\":{\"@type\":\"ImageObject\",\"inLanguage\":\"en-US\",\"@id\":\"https:\/\/boks-ilica.com\/#\/schema\/logo\/image\/\",\"url\":\"https:\/\/boks-ilica.com\/wp-content\/uploads\/2023\/11\/cropped-cropped-cropped-gladijator_naslov-removebg-preview-min-2-e1723240549745-1.png\",\"contentUrl\":\"https:\/\/boks-ilica.com\/wp-content\/uploads\/2023\/11\/cropped-cropped-cropped-gladijator_naslov-removebg-preview-min-2-e1723240549745-1.png\",\"width\":781,\"height\":231,\"caption\":\"Boksa\u010dki Klub Gladijator - Kusto\u0161ija\"},\"image\":{\"@id\":\"https:\/\/boks-ilica.com\/#\/schema\/logo\/image\/\"}}]}<\/script>\n<!-- \/ Yoast SEO plugin. -->","yoast_head_json":{"title":"Raspored treninga - Boksa\u010dki Klub Gladijator - Kusto\u0161ija","robots":{"index":"index","follow":"follow","max-snippet":"max-snippet:-1","max-image-preview":"max-image-preview:large","max-video-preview":"max-video-preview:-1"},"canonical":"https:\/\/boks-ilica.com\/index.php\/raspored-treninga\/","og_locale":"en_US","og_type":"article","og_title":"Raspored treninga - Boksa\u010dki Klub Gladijator - Kusto\u0161ija","og_description":"Raspored treninga boksa Treninzi se odr\u017eavaju\u00a0svaki radni dan\u00a0od ponedjeljka do petka po sljede\u0107em rasporedu: * Prvi probni trening nije se potrebno najaviti, dovoljno je do\u0107i u jedan od termina","og_url":"https:\/\/boks-ilica.com\/index.php\/raspored-treninga\/","og_site_name":"Boksa\u010dki Klub Gladijator - Kusto\u0161ija","article_modified_time":"2025-09-15T10:23:48+00:00","twitter_card":"summary_large_image","twitter_misc":{"Est. reading time":"1 minute"},"schema":{"@context":"https:\/\/schema.org","@graph":[{"@type":"WebPage","@id":"https:\/\/boks-ilica.com\/index.php\/raspored-treninga\/","url":"https:\/\/boks-ilica.com\/index.php\/raspored-treninga\/","name":"Raspored treninga - Boksa\u010dki Klub Gladijator - Kusto\u0161ija","isPartOf":{"@id":"https:\/\/boks-ilica.com\/#website"},"datePublished":"2024-01-09T19:56:21+00:00","dateModified":"2025-09-15T10:23:48+00:00","breadcrumb":{"@id":"https:\/\/boks-ilica.com\/index.php\/raspored-treninga\/#breadcrumb"},"inLanguage":"en-US","potentialAction":[{"@type":"ReadAction","target":["https:\/\/boks-ilica.com\/index.php\/raspored-treninga\/"]}]},{"@type":"BreadcrumbList","@id":"https:\/\/boks-ilica.com\/index.php\/raspored-treninga\/#breadcrumb","itemListElement":[{"@type":"ListItem","position":1,"name":"Home","item":"https:\/\/boks-ilica.com\/"},{"@type":"ListItem","position":2,"name":"Raspored treninga"}]},{"@type":"WebSite","@id":"https:\/\/boks-ilica.com\/#website","url":"https:\/\/boks-ilica.com\/","name":"Boksa\u010dki Klub Gladijator - Kusto\u0161ija","description":"Dvorana Kusto\u0161ija","publisher":{"@id":"https:\/\/boks-ilica.com\/#organization"},"alternateName":"BK Gladijator Zagreb","potentialAction":[{"@type":"SearchAction","target":{"@type":"EntryPoint","urlTemplate":"https:\/\/boks-ilica.com\/?s={search_term_string}"},"query-input":"required name=search_term_string"}],"inLanguage":"en-US"},{"@type":"Organization","@id":"https:\/\/boks-ilica.com\/#organization","name":"Boksa\u010dki Klub Gladijator - Kusto\u0161ija","url":"https:\/\/boks-ilica.com\/","logo":{"@type":"ImageObject","inLanguage":"en-US","@id":"https:\/\/boks-ilica.com\/#\/schema\/logo\/image\/","url":"https:\/\/boks-ilica.com\/wp-content\/uploads\/2023\/11\/cropped-cropped-cropped-gladijator_naslov-removebg-preview-min-2-e1723240549745-1.png","contentUrl":"https:\/\/boks-ilica.com\/wp-content\/uploads\/2023\/11\/cropped-cropped-cropped-gladijator_naslov-removebg-preview-min-2-e1723240549745-1.png","width":781,"height":231,"caption":"Boksa\u010dki Klub Gladijator - Kusto\u0161ija"},"image":{"@id":"https:\/\/boks-ilica.com\/#\/schema\/logo\/image\/"}}]}},"_links":{"self":[{"href":"https:\/\/boks-ilica.com\/index.php\/wp-json\/wp\/v2\/pages\/436"}],"collection":[{"href":"https:\/\/boks-ilica.com\/index.php\/wp-json\/wp\/v2\/pages"}],"about":[{"href":"https:\/\/boks-ilica.com\/index.php\/wp-json\/wp\/v2\/types\/page"}],"author":[{"embeddable":true,"href":"https:\/\/boks-ilica.com\/index.php\/wp-json\/wp\/v2\/users\/1"}],"replies":[{"embeddable":true,"href":"https:\/\/boks-ilica.com\/index.php\/wp-json\/wp\/v2\/comments?post=436"}],"version-history":[{"count":44,"href":"https:\/\/boks-ilica.com\/index.php\/wp-json\/wp\/v2\/pages\/436\/revisions"}],"predecessor-version":[{"id":1025,"href":"https:\/\/boks-ilica.com\/index.php\/wp-json\/wp\/v2\/pages\/436\/revisions\/1025"}],"wp:attachment":[{"href":"https:\/\/boks-ilica.com\/index.php\/wp-json\/wp\/v2\/media?parent=436"}],"curies":[{"name":"wp","href":"https:\/\/api.w.org\/{rel}","templated":true}]}}