{"id":431,"date":"2024-01-09T14:10:45","date_gmt":"2024-01-09T14:10:45","guid":{"rendered":"https:\/\/boks-ilica.com\/?page_id=431"},"modified":"2025-09-15T16:02:12","modified_gmt":"2025-09-15T16:02:12","slug":"upis-clanova","status":"publish","type":"page","link":"https:\/\/boks-ilica.com\/index.php\/upis-clanova\/","title":{"rendered":"Upis novih \u010dlanova"},"content":{"rendered":"\t\t<div data-elementor-type=\"wp-page\" data-elementor-id=\"431\" class=\"elementor elementor-431\">\n\t\t\t\t\t\t\t<div class=\"elementor-element elementor-element-50bca53 e-flex e-con-boxed e-con e-parent\" data-id=\"50bca53\" data-element_type=\"container\" data-settings=\"{&quot;content_width&quot;:&quot;boxed&quot;}\" data-core-v316-plus=\"true\">\n\t\t\t\t\t<div class=\"e-con-inner\">\n\t\t\t\t<div class=\"elementor-element elementor-element-9cfd888 elementor-widget elementor-widget-heading\" data-id=\"9cfd888\" data-element_type=\"widget\" data-widget_type=\"heading.default\">\n\t\t\t\t<div class=\"elementor-widget-container\">\n\t\t\t<style>\/*! elementor - v3.16.0 - 20-09-2023 *\/\n.elementor-heading-title{padding:0;margin:0;line-height:1}.elementor-widget-heading .elementor-heading-title[class*=elementor-size-]>a{color:inherit;font-size:inherit;line-height:inherit}.elementor-widget-heading .elementor-heading-title.elementor-size-small{font-size:15px}.elementor-widget-heading .elementor-heading-title.elementor-size-medium{font-size:19px}.elementor-widget-heading .elementor-heading-title.elementor-size-large{font-size:29px}.elementor-widget-heading .elementor-heading-title.elementor-size-xl{font-size:39px}.elementor-widget-heading .elementor-heading-title.elementor-size-xxl{font-size:59px}<\/style><h1 class=\"elementor-heading-title elementor-size-xl\"><b>Upis novih \u010dlanova<\/b><\/h1>\t\t<\/div>\n\t\t\t\t<\/div>\n\t\t\t\t\t<\/div>\n\t\t\t\t<\/div>\n\t\t<div class=\"elementor-element elementor-element-3050480 e-flex e-con-boxed e-con e-parent\" data-id=\"3050480\" data-element_type=\"container\" data-settings=\"{&quot;content_width&quot;:&quot;boxed&quot;}\" data-core-v316-plus=\"true\">\n\t\t\t\t\t<div class=\"e-con-inner\">\n\t\t\t\t<div class=\"elementor-element elementor-element-02a17e6 elementor-widget elementor-widget-text-editor\" data-id=\"02a17e6\" data-element_type=\"widget\" data-widget_type=\"text-editor.default\">\n\t\t\t\t<div class=\"elementor-widget-container\">\n\t\t\t<style>\/*! elementor - v3.16.0 - 20-09-2023 *\/\n.elementor-widget-text-editor.elementor-drop-cap-view-stacked .elementor-drop-cap{background-color:#69727d;color:#fff}.elementor-widget-text-editor.elementor-drop-cap-view-framed .elementor-drop-cap{color:#69727d;border:3px solid;background-color:transparent}.elementor-widget-text-editor:not(.elementor-drop-cap-view-default) .elementor-drop-cap{margin-top:8px}.elementor-widget-text-editor:not(.elementor-drop-cap-view-default) .elementor-drop-cap-letter{width:1em;height:1em}.elementor-widget-text-editor .elementor-drop-cap{float:left;text-align:center;line-height:1;font-size:50px}.elementor-widget-text-editor .elementor-drop-cap-letter{display:inline-block}<\/style>\t\t\t\t<p>\u017deli\u0161 po\u010deti trenirati boks pod vodstvom stru\u010dnih trenera? Na pravom si mjestu!<\/p><p>Nije bitno jesi li po\u010detnik ili ve\u0107 posjeduje\u0161 boksa\u010dko znanje. Na\u0161 trening prilago\u0111en je tvojim mogu\u0107nostima, razini znanja i motori\u010dkim sposobnostima.\u00a0<\/p><p>Stoga, Boksa\u010dki klub Gladijator u Kusto\u0161iji pravo je mjesto da napravi\u0161 svoje prve boksa\u010dke korake ili unaprijedi\u0161 ve\u0107 postoje\u0107e boksa\u010dko iskustvo.<\/p>\t\t\t\t\t\t<\/div>\n\t\t\t\t<\/div>\n\t\t\t\t\t<\/div>\n\t\t\t\t<\/div>\n\t\t<div class=\"elementor-element elementor-element-edcfc01 e-flex e-con-boxed e-con e-parent\" data-id=\"edcfc01\" data-element_type=\"container\" data-settings=\"{&quot;content_width&quot;:&quot;boxed&quot;}\" data-core-v316-plus=\"true\">\n\t\t\t\t\t<div class=\"e-con-inner\">\n\t\t\t\t<div class=\"elementor-element elementor-element-55f308f elementor-widget elementor-widget-video\" data-id=\"55f308f\" data-element_type=\"widget\" data-settings=\"{&quot;video_type&quot;:&quot;hosted&quot;,&quot;mute&quot;:&quot;yes&quot;,&quot;controls&quot;:&quot;yes&quot;}\" data-widget_type=\"video.default\">\n\t\t\t\t<div class=\"elementor-widget-container\">\n\t\t\t<style>\/*! elementor - v3.16.0 - 20-09-2023 *\/\n.elementor-widget-video .elementor-widget-container{overflow:hidden;transform:translateZ(0)}.elementor-widget-video .elementor-wrapper{aspect-ratio:var(--video-aspect-ratio)}.elementor-widget-video .elementor-wrapper iframe,.elementor-widget-video .elementor-wrapper video{height:100%;width:100%;display:flex;border:none;background-color:#000}@supports not (aspect-ratio:1\/1){.elementor-widget-video .elementor-wrapper{position:relative;overflow:hidden;height:0;padding-bottom:calc(100% \/ var(--video-aspect-ratio))}.elementor-widget-video .elementor-wrapper iframe,.elementor-widget-video .elementor-wrapper video{position:absolute;top:0;right:0;bottom:0;left:0}}.elementor-widget-video .elementor-open-inline .elementor-custom-embed-image-overlay{position:absolute;top:0;right:0;bottom:0;left:0;background-size:cover;background-position:50%}.elementor-widget-video .elementor-custom-embed-image-overlay{cursor:pointer;text-align:center}.elementor-widget-video .elementor-custom-embed-image-overlay:hover .elementor-custom-embed-play i{opacity:1}.elementor-widget-video .elementor-custom-embed-image-overlay img{display:block;width:100%;aspect-ratio:var(--video-aspect-ratio);-o-object-fit:cover;object-fit:cover;-o-object-position:center center;object-position:center center}@supports not (aspect-ratio:1\/1){.elementor-widget-video .elementor-custom-embed-image-overlay{position:relative;overflow:hidden;height:0;padding-bottom:calc(100% \/ var(--video-aspect-ratio))}.elementor-widget-video .elementor-custom-embed-image-overlay img{position:absolute;top:0;right:0;bottom:0;left:0}}.elementor-widget-video .e-hosted-video .elementor-video{-o-object-fit:cover;object-fit:cover}.e-con-inner>.elementor-widget-video,.e-con>.elementor-widget-video{width:var(--container-widget-width);--flex-grow:var(--container-widget-flex-grow)}<\/style>\t\t<div class=\"e-hosted-video elementor-wrapper elementor-open-inline\">\n\t\t\t\t\t<video class=\"elementor-video\" src=\"https:\/\/boks-ilica.com\/wp-content\/uploads\/2025\/09\/VID-20250905-WA0001.mp4\" controls=\"\" preload=\"metadata\" muted=\"muted\" controlsList=\"nodownload\"><\/video>\n\t\t\t\t<\/div>\n\t\t\t\t<\/div>\n\t\t\t\t<\/div>\n\t\t\t\t\t<\/div>\n\t\t\t\t<\/div>\n\t\t<div class=\"elementor-element elementor-element-fce6843 e-flex e-con-boxed e-con e-parent\" data-id=\"fce6843\" data-element_type=\"container\" data-settings=\"{&quot;content_width&quot;:&quot;boxed&quot;}\" data-core-v316-plus=\"true\">\n\t\t\t\t\t<div class=\"e-con-inner\">\n\t\t\t\t<div class=\"elementor-element elementor-element-6bca29a elementor-widget elementor-widget-heading\" data-id=\"6bca29a\" data-element_type=\"widget\" data-widget_type=\"heading.default\">\n\t\t\t\t<div class=\"elementor-widget-container\">\n\t\t\t<h2 class=\"elementor-heading-title elementor-size-default\">Kako mo\u0161e\u0161 po\u010deti trenirati boks u Gladijatoru?<\/h2>\t\t<\/div>\n\t\t\t\t<\/div>\n\t\t\t\t<div class=\"elementor-element elementor-element-a71c482 elementor-widget elementor-widget-text-editor\" data-id=\"a71c482\" data-element_type=\"widget\" data-widget_type=\"text-editor.default\">\n\t\t\t\t<div class=\"elementor-widget-container\">\n\t\t\t\t\t\t\t<p>Vrlo jednostavno! Dovoljno je da do\u0111e\u0161 na trening u\u00a0<a href=\"https:\/\/boks-ilica.com\/index.php\/raspored-treninga\/\"><span style=\"text-decoration: underline;\"><b>termin grupnih treninga<\/b><\/span>\u00a0<\/a>i tako zapo\u010dne\u0161 svoje boksa\u010dko putovanje.\u00a0<\/p><p>Prvi probni trening je <b>BESPLATAN<\/b>, stoga do\u0111i i uvjeri se kako je Boksa\u010dki klub Gladijator pravo mjesto za tebe!<\/p>\t\t\t\t\t\t<\/div>\n\t\t\t\t<\/div>\n\t\t\t\t\t<\/div>\n\t\t\t\t<\/div>\n\t\t<div class=\"elementor-element elementor-element-521849b e-flex e-con-boxed e-con e-parent\" data-id=\"521849b\" data-element_type=\"container\" data-settings=\"{&quot;content_width&quot;:&quot;boxed&quot;}\" data-core-v316-plus=\"true\">\n\t\t\t\t\t<div class=\"e-con-inner\">\n\t\t\t\t<div class=\"elementor-element elementor-element-76770de elementor-widget elementor-widget-heading\" data-id=\"76770de\" data-element_type=\"widget\" data-widget_type=\"heading.default\">\n\t\t\t\t<div class=\"elementor-widget-container\">\n\t\t\t<h3 class=\"elementor-heading-title elementor-size-default\">\u0160to sve treba\u0161 ponijeti na svoj prvi trening boksa?<\/h3>\t\t<\/div>\n\t\t\t\t<\/div>\n\t\t\t\t\t<\/div>\n\t\t\t\t<\/div>\n\t\t<div class=\"elementor-element elementor-element-03a4fe6 e-flex e-con-boxed e-con e-parent\" data-id=\"03a4fe6\" data-element_type=\"container\" data-settings=\"{&quot;content_width&quot;:&quot;boxed&quot;}\" data-core-v316-plus=\"true\">\n\t\t\t\t\t<div class=\"e-con-inner\">\n\t\t\t\t<div class=\"elementor-element elementor-element-f61ccfb elementor-widget elementor-widget-text-editor\" data-id=\"f61ccfb\" data-element_type=\"widget\" data-widget_type=\"text-editor.default\">\n\t\t\t\t<div class=\"elementor-widget-container\">\n\t\t\t\t\t\t\t<p>Za prvi trening potrebne su ti majica, kratke hla\u010de i \u010darape. Trening se odr\u017eava na tatamiju, tako da ti tenisice nisu potrebne. No, ukoliko ima\u0161 boksa\u010dke ili hrva\u010dke tenisice, dobrodo\u0161le su.<\/p><p>Tako\u0111er, ako ima\u0161 boksa\u010dke rukavice i banda\u017ee, svakako ih uzmi. No ukoliko ih jo\u0161 nema\u0161, ne brini.\u00a0<\/p><p>Za po\u010detak mo\u017ee\u0161 posuditi i klupsku opremu, a a<span style=\"text-align: var(--text-align); background-color: var(--ast-global-color-4); color: var(--ast-global-color-3); font-size: 1rem;\">ko \u0107e\u0161 trebati pomo\u0107 pri izboru i kupovini opreme za boks,\u00a0<\/span><span style=\"font-style: inherit; font-weight: inherit; text-align: var(--text-align); background-color: var(--ast-global-color-4); color: var(--ast-global-color-3);\">treneri \u0107e ti rado pomo\u0107i i uputiti te.<\/span><\/p>\t\t\t\t\t\t<\/div>\n\t\t\t\t<\/div>\n\t\t\t\t\t<\/div>\n\t\t\t\t<\/div>\n\t\t<div class=\"elementor-element elementor-element-6ccd87e e-flex e-con-boxed e-con e-parent\" data-id=\"6ccd87e\" data-element_type=\"container\" data-settings=\"{&quot;content_width&quot;:&quot;boxed&quot;}\" data-core-v316-plus=\"true\">\n\t\t\t\t\t<div class=\"e-con-inner\">\n\t\t\t\t<div class=\"elementor-element elementor-element-f34b14e elementor-align-center elementor-widget elementor-widget-button\" data-id=\"f34b14e\" data-element_type=\"widget\" data-widget_type=\"button.default\">\n\t\t\t\t<div class=\"elementor-widget-container\">\n\t\t\t\t\t<div class=\"elementor-button-wrapper\">\n\t\t\t<a class=\"elementor-button elementor-button-link elementor-size-lg elementor-animation-grow\" href=\"https:\/\/boks-ilica.com\/index.php\/raspored-treninga\/\">\n\t\t\t\t\t\t<span class=\"elementor-button-content-wrapper\">\n\t\t\t\t\t\t<span class=\"elementor-button-icon elementor-align-icon-left\">\n\t\t\t\t<i aria-hidden=\"true\" class=\"fas fa-arrow-circle-right\"><\/i>\t\t\t<\/span>\n\t\t\t\t\t\t<span class=\"elementor-button-text\">Raspored Treninga<\/span>\n\t\t<\/span>\n\t\t\t\t\t<\/a>\n\t\t<\/div>\n\t\t\t\t<\/div>\n\t\t\t\t<\/div>\n\t\t\t\t\t<\/div>\n\t\t\t\t<\/div>\n\t\t<div class=\"elementor-element elementor-element-9148913 e-flex e-con-boxed e-con e-parent\" data-id=\"9148913\" data-element_type=\"container\" data-settings=\"{&quot;content_width&quot;:&quot;boxed&quot;}\" data-core-v316-plus=\"true\">\n\t\t\t\t\t<div class=\"e-con-inner\">\n\t\t\t\t\t<\/div>\n\t\t\t\t<\/div>\n\t\t\t\t\t\t\t<\/div>\n\t\t","protected":false},"excerpt":{"rendered":"<p>Upis novih \u010dlanova \u017deli\u0161 po\u010deti trenirati boks pod vodstvom stru\u010dnih trenera? Na pravom si mjestu! Nije bitno jesi li po\u010detnik ili ve\u0107 posjeduje\u0161 boksa\u010dko znanje. Na\u0161 trening prilago\u0111en je tvojim mogu\u0107nostima, razini znanja i motori\u010dkim sposobnostima.\u00a0 Stoga, Boksa\u010dki klub Gladijator u Kusto\u0161iji pravo je mjesto da napravi\u0161 svoje prve boksa\u010dke korake ili unaprijedi\u0161 ve\u0107 postoje\u0107e &hellip;<\/p>\n<p class=\"read-more\"> <a class=\"\" href=\"https:\/\/boks-ilica.com\/index.php\/upis-clanova\/\"> <span class=\"screen-reader-text\">Upis novih \u010dlanova<\/span> Read More &raquo;<\/a><\/p>\n","protected":false},"author":1,"featured_media":0,"parent":0,"menu_order":0,"comment_status":"closed","ping_status":"closed","template":"","meta":{"site-sidebar-layout":"no-sidebar","site-content-layout":"page-builder","ast-site-content-layout":"full-width-container","site-content-style":"default","site-sidebar-style":"default","ast-global-header-display":"","ast-banner-title-visibility":"","ast-main-header-display":"","ast-hfb-above-header-display":"","ast-hfb-below-header-display":"","ast-hfb-mobile-header-display":"","site-post-title":"disabled","ast-breadcrumbs-content":"","ast-featured-img":"disabled","footer-sml-layout":"","theme-transparent-header-meta":"","adv-header-id-meta":"","stick-header-meta":"","header-above-stick-meta":"","header-main-stick-meta":"","header-below-stick-meta":"","astra-migrate-meta-layouts":"set","footnotes":""},"yoast_head":"<!-- This site is optimized with the Yoast SEO plugin v21.8 - https:\/\/yoast.com\/wordpress\/plugins\/seo\/ -->\n<title>Upis novih \u010dlanova - Boksa\u010dki Klub Gladijator - Kusto\u0161ija<\/title>\n<meta name=\"robots\" content=\"index, follow, max-snippet:-1, max-image-preview:large, max-video-preview:-1\" \/>\n<link rel=\"canonical\" href=\"https:\/\/boks-ilica.com\/index.php\/upis-clanova\/\" \/>\n<meta property=\"og:locale\" content=\"en_US\" \/>\n<meta property=\"og:type\" content=\"article\" \/>\n<meta property=\"og:title\" content=\"Upis novih \u010dlanova - Boksa\u010dki Klub Gladijator - Kusto\u0161ija\" \/>\n<meta property=\"og:description\" content=\"Upis novih \u010dlanova \u017deli\u0161 po\u010deti trenirati boks pod vodstvom stru\u010dnih trenera? Na pravom si mjestu! Nije bitno jesi li po\u010detnik ili ve\u0107 posjeduje\u0161 boksa\u010dko znanje. Na\u0161 trening prilago\u0111en je tvojim mogu\u0107nostima, razini znanja i motori\u010dkim sposobnostima.\u00a0 Stoga, Boksa\u010dki klub Gladijator u Kusto\u0161iji pravo je mjesto da napravi\u0161 svoje prve boksa\u010dke korake ili unaprijedi\u0161 ve\u0107 postoje\u0107e &hellip; Upis novih \u010dlanova Read More &raquo;\" \/>\n<meta property=\"og:url\" content=\"https:\/\/boks-ilica.com\/index.php\/upis-clanova\/\" \/>\n<meta property=\"og:site_name\" content=\"Boksa\u010dki Klub Gladijator - Kusto\u0161ija\" \/>\n<meta property=\"article:modified_time\" content=\"2025-09-15T16:02:12+00:00\" \/>\n<meta name=\"twitter:card\" content=\"summary_large_image\" \/>\n<meta name=\"twitter:label1\" content=\"Est. reading time\" \/>\n\t<meta name=\"twitter:data1\" content=\"1 minute\" \/>\n<script type=\"application\/ld+json\" class=\"yoast-schema-graph\">{\"@context\":\"https:\/\/schema.org\",\"@graph\":[{\"@type\":\"WebPage\",\"@id\":\"https:\/\/boks-ilica.com\/index.php\/upis-clanova\/\",\"url\":\"https:\/\/boks-ilica.com\/index.php\/upis-clanova\/\",\"name\":\"Upis novih \u010dlanova - Boksa\u010dki Klub Gladijator - Kusto\u0161ija\",\"isPartOf\":{\"@id\":\"https:\/\/boks-ilica.com\/#website\"},\"datePublished\":\"2024-01-09T14:10:45+00:00\",\"dateModified\":\"2025-09-15T16:02:12+00:00\",\"breadcrumb\":{\"@id\":\"https:\/\/boks-ilica.com\/index.php\/upis-clanova\/#breadcrumb\"},\"inLanguage\":\"en-US\",\"potentialAction\":[{\"@type\":\"ReadAction\",\"target\":[\"https:\/\/boks-ilica.com\/index.php\/upis-clanova\/\"]}]},{\"@type\":\"BreadcrumbList\",\"@id\":\"https:\/\/boks-ilica.com\/index.php\/upis-clanova\/#breadcrumb\",\"itemListElement\":[{\"@type\":\"ListItem\",\"position\":1,\"name\":\"Home\",\"item\":\"https:\/\/boks-ilica.com\/\"},{\"@type\":\"ListItem\",\"position\":2,\"name\":\"Upis novih \u010dlanova\"}]},{\"@type\":\"WebSite\",\"@id\":\"https:\/\/boks-ilica.com\/#website\",\"url\":\"https:\/\/boks-ilica.com\/\",\"name\":\"Boksa\u010dki Klub Gladijator - Kusto\u0161ija\",\"description\":\"Dvorana Kusto\u0161ija\",\"publisher\":{\"@id\":\"https:\/\/boks-ilica.com\/#organization\"},\"alternateName\":\"BK Gladijator Zagreb\",\"potentialAction\":[{\"@type\":\"SearchAction\",\"target\":{\"@type\":\"EntryPoint\",\"urlTemplate\":\"https:\/\/boks-ilica.com\/?s={search_term_string}\"},\"query-input\":\"required name=search_term_string\"}],\"inLanguage\":\"en-US\"},{\"@type\":\"Organization\",\"@id\":\"https:\/\/boks-ilica.com\/#organization\",\"name\":\"Boksa\u010dki Klub Gladijator - Kusto\u0161ija\",\"url\":\"https:\/\/boks-ilica.com\/\",\"logo\":{\"@type\":\"ImageObject\",\"inLanguage\":\"en-US\",\"@id\":\"https:\/\/boks-ilica.com\/#\/schema\/logo\/image\/\",\"url\":\"https:\/\/boks-ilica.com\/wp-content\/uploads\/2023\/11\/cropped-cropped-cropped-gladijator_naslov-removebg-preview-min-2-e1723240549745-1.png\",\"contentUrl\":\"https:\/\/boks-ilica.com\/wp-content\/uploads\/2023\/11\/cropped-cropped-cropped-gladijator_naslov-removebg-preview-min-2-e1723240549745-1.png\",\"width\":781,\"height\":231,\"caption\":\"Boksa\u010dki Klub Gladijator - Kusto\u0161ija\"},\"image\":{\"@id\":\"https:\/\/boks-ilica.com\/#\/schema\/logo\/image\/\"}}]}<\/script>\n<!-- \/ Yoast SEO plugin. -->","yoast_head_json":{"title":"Upis novih \u010dlanova - Boksa\u010dki Klub Gladijator - Kusto\u0161ija","robots":{"index":"index","follow":"follow","max-snippet":"max-snippet:-1","max-image-preview":"max-image-preview:large","max-video-preview":"max-video-preview:-1"},"canonical":"https:\/\/boks-ilica.com\/index.php\/upis-clanova\/","og_locale":"en_US","og_type":"article","og_title":"Upis novih \u010dlanova - Boksa\u010dki Klub Gladijator - Kusto\u0161ija","og_description":"Upis novih \u010dlanova \u017deli\u0161 po\u010deti trenirati boks pod vodstvom stru\u010dnih trenera? Na pravom si mjestu! Nije bitno jesi li po\u010detnik ili ve\u0107 posjeduje\u0161 boksa\u010dko znanje. Na\u0161 trening prilago\u0111en je tvojim mogu\u0107nostima, razini znanja i motori\u010dkim sposobnostima.\u00a0 Stoga, Boksa\u010dki klub Gladijator u Kusto\u0161iji pravo je mjesto da napravi\u0161 svoje prve boksa\u010dke korake ili unaprijedi\u0161 ve\u0107 postoje\u0107e &hellip; Upis novih \u010dlanova Read More &raquo;","og_url":"https:\/\/boks-ilica.com\/index.php\/upis-clanova\/","og_site_name":"Boksa\u010dki Klub Gladijator - Kusto\u0161ija","article_modified_time":"2025-09-15T16:02:12+00:00","twitter_card":"summary_large_image","twitter_misc":{"Est. reading time":"1 minute"},"schema":{"@context":"https:\/\/schema.org","@graph":[{"@type":"WebPage","@id":"https:\/\/boks-ilica.com\/index.php\/upis-clanova\/","url":"https:\/\/boks-ilica.com\/index.php\/upis-clanova\/","name":"Upis novih \u010dlanova - Boksa\u010dki Klub Gladijator - Kusto\u0161ija","isPartOf":{"@id":"https:\/\/boks-ilica.com\/#website"},"datePublished":"2024-01-09T14:10:45+00:00","dateModified":"2025-09-15T16:02:12+00:00","breadcrumb":{"@id":"https:\/\/boks-ilica.com\/index.php\/upis-clanova\/#breadcrumb"},"inLanguage":"en-US","potentialAction":[{"@type":"ReadAction","target":["https:\/\/boks-ilica.com\/index.php\/upis-clanova\/"]}]},{"@type":"BreadcrumbList","@id":"https:\/\/boks-ilica.com\/index.php\/upis-clanova\/#breadcrumb","itemListElement":[{"@type":"ListItem","position":1,"name":"Home","item":"https:\/\/boks-ilica.com\/"},{"@type":"ListItem","position":2,"name":"Upis novih \u010dlanova"}]},{"@type":"WebSite","@id":"https:\/\/boks-ilica.com\/#website","url":"https:\/\/boks-ilica.com\/","name":"Boksa\u010dki Klub Gladijator - Kusto\u0161ija","description":"Dvorana Kusto\u0161ija","publisher":{"@id":"https:\/\/boks-ilica.com\/#organization"},"alternateName":"BK Gladijator Zagreb","potentialAction":[{"@type":"SearchAction","target":{"@type":"EntryPoint","urlTemplate":"https:\/\/boks-ilica.com\/?s={search_term_string}"},"query-input":"required name=search_term_string"}],"inLanguage":"en-US"},{"@type":"Organization","@id":"https:\/\/boks-ilica.com\/#organization","name":"Boksa\u010dki Klub Gladijator - Kusto\u0161ija","url":"https:\/\/boks-ilica.com\/","logo":{"@type":"ImageObject","inLanguage":"en-US","@id":"https:\/\/boks-ilica.com\/#\/schema\/logo\/image\/","url":"https:\/\/boks-ilica.com\/wp-content\/uploads\/2023\/11\/cropped-cropped-cropped-gladijator_naslov-removebg-preview-min-2-e1723240549745-1.png","contentUrl":"https:\/\/boks-ilica.com\/wp-content\/uploads\/2023\/11\/cropped-cropped-cropped-gladijator_naslov-removebg-preview-min-2-e1723240549745-1.png","width":781,"height":231,"caption":"Boksa\u010dki Klub Gladijator - Kusto\u0161ija"},"image":{"@id":"https:\/\/boks-ilica.com\/#\/schema\/logo\/image\/"}}]}},"_links":{"self":[{"href":"https:\/\/boks-ilica.com\/index.php\/wp-json\/wp\/v2\/pages\/431"}],"collection":[{"href":"https:\/\/boks-ilica.com\/index.php\/wp-json\/wp\/v2\/pages"}],"about":[{"href":"https:\/\/boks-ilica.com\/index.php\/wp-json\/wp\/v2\/types\/page"}],"author":[{"embeddable":true,"href":"https:\/\/boks-ilica.com\/index.php\/wp-json\/wp\/v2\/users\/1"}],"replies":[{"embeddable":true,"href":"https:\/\/boks-ilica.com\/index.php\/wp-json\/wp\/v2\/comments?post=431"}],"version-history":[{"count":39,"href":"https:\/\/boks-ilica.com\/index.php\/wp-json\/wp\/v2\/pages\/431\/revisions"}],"predecessor-version":[{"id":1059,"href":"https:\/\/boks-ilica.com\/index.php\/wp-json\/wp\/v2\/pages\/431\/revisions\/1059"}],"wp:attachment":[{"href":"https:\/\/boks-ilica.com\/index.php\/wp-json\/wp\/v2\/media?parent=431"}],"curies":[{"name":"wp","href":"https:\/\/api.w.org\/{rel}","templated":true}]}}